{"id":1142,"date":"2023-11-01T11:50:22","date_gmt":"2023-11-01T09:50:22","guid":{"rendered":"https:\/\/heliosjoensuu.fi\/photo-products-joensuu\/digikuvat-joensuu\/"},"modified":"2024-04-29T11:06:40","modified_gmt":"2024-04-29T08:06:40","slug":"digital-photos-joensuu","status":"publish","type":"page","link":"https:\/\/heliosjoensuu.fi\/en\/photo-products-joensuu\/digital-photos-joensuu\/","title":{"rendered":"Digital photos"},"content":{"rendered":"<p>[et_pb_section fb_built=&#8221;1&#8243; admin_label=&#8221;Author&#8221; module_class=&#8221;header&#8211;section&#8221; _builder_version=&#8221;4.22.1&#8243; _module_preset=&#8221;default&#8221; background_color=&#8221;gcid-fc7b31e8-94d8-4560-b647-c33fa43cc805&#8243; use_background_color_gradient=&#8221;on&#8221; background_color_gradient_stops=&#8221;rgba(246,246,246,0.81) 0%|rgba(246,246,246,0.81) 100%&#8221; background_color_gradient_overlays_image=&#8221;on&#8221; background_image=&#8221;\/wp-content\/uploads\/2023\/11\/Helios-joensuu-digikuvat-joensuu.jpg&#8221; width_tablet=&#8221;80%&#8221; width_phone=&#8221;80%&#8221; width_last_edited=&#8221;off|desktop&#8221; module_alignment_tablet=&#8221;center&#8221; module_alignment_phone=&#8221;center&#8221; module_alignment_last_edited=&#8221;off|desktop&#8221; locked=&#8221;off&#8221; collapsed=&#8221;off&#8221; global_colors_info=&#8221;{%22gcid-fc7b31e8-94d8-4560-b647-c33fa43cc805%22:%91%22background_color%22%93}&#8221;][et_pb_row module_class=&#8221;header&#8211;row&#8221; _builder_version=&#8221;4.22.1&#8243; _module_preset=&#8221;default&#8221; global_colors_info=&#8221;{}&#8221;][et_pb_column type=&#8221;4_4&#8243; _builder_version=&#8221;4.22.0&#8243; _module_preset=&#8221;default&#8221; global_colors_info=&#8221;{}&#8221;][et_pb_text admin_label=&#8221;Photo Products and Photos in Joensuu&#8221; module_class=&#8221;mb-1&#8243; _builder_version=&#8221;4.23.1&#8243; _module_preset=&#8221;ad739316-4912-4da4-9769-5295b9344cb7&#8243; text_orientation=&#8221;center&#8221; global_colors_info=&#8221;{}&#8221;]<\/p>\n<h1>Photo Products and Photos in Joensuu<\/h1>\n<p>[\/et_pb_text][et_pb_text admin_label=&#8221;Digikameran, puhelimen ja tabletin valokuvista valmistamme v\u00e4rikk\u00e4\u00e4t ja kest\u00e4v\u00e4t valokuvat.&#8221; _builder_version=&#8221;4.23.1&#8243; _module_preset=&#8221;0c134dd3-1509-4f82-a3fd-ca92b83b577e&#8221; text_orientation=&#8221;center&#8221; text_font_size_last_edited=&#8221;off|desktop&#8221; global_colors_info=&#8221;{}&#8221;]We produce vibrant and durable prints from your digital camera, phone, and tablet photos.[\/et_pb_text][\/et_pb_column][\/et_pb_row][\/et_pb_section][et_pb_section fb_built=&#8221;1&#8243; admin_label=&#8221;Feature&#8221; module_class=&#8221;content&#8211;section&#8221; _builder_version=&#8221;4.22.1&#8243; _module_preset=&#8221;default&#8221; collapsed=&#8221;off&#8221; global_colors_info=&#8221;{}&#8221;][et_pb_row _builder_version=&#8221;4.22.0&#8243; _module_preset=&#8221;default&#8221; global_colors_info=&#8221;{}&#8221;][et_pb_column type=&#8221;4_4&#8243; _builder_version=&#8221;4.22.0&#8243; _module_preset=&#8221;default&#8221; global_colors_info=&#8221;{}&#8221;][et_pb_text admin_label=&#8221;In our store, we print photos on the spot in sizes&#8230;&#8221; _builder_version=&#8221;4.24.1&#8243; _module_preset=&#8221;6ee7c241-9a37-42d9-bf81-494237480923&#8243; text_orientation=&#8221;center&#8221; hover_enabled=&#8221;0&#8243; global_colors_info=&#8221;{}&#8221; sticky_enabled=&#8221;0&#8243;]<\/p>\n<p>In our store, we print photos on the spot in sizes 10\u00d715, 13\u00d718, and 15\u00d720 cm while waiting. The delivery time for images of other sizes varies from a few hours to a few days.<\/p>\n<p><strong>Now you can order paper photo prints from your own photo files in our new<\/strong> <a href=\"https:\/\/heliosjoensuu.kuvatilaus.fi\/photo-order\" target=\"_blank\" rel=\"noopener\"><strong>online store<\/strong><\/a><strong>!<\/strong> There you can download your image files from your phone, tablet or computer to the site and pay online at the same time &#8211; and pick up your photos from our store when you have received a message from us!<\/p>\n<p>We also print photos from films, negatives, slides, and restore and do enlargements of old photos. For further information on these products, please visit our store.<\/p>\n<p>[\/et_pb_text][\/et_pb_column][\/et_pb_row][et_pb_row _builder_version=&#8221;4.22.0&#8243; _module_preset=&#8221;default&#8221; global_colors_info=&#8221;{}&#8221;][et_pb_column type=&#8221;4_4&#8243; _builder_version=&#8221;4.22.0&#8243; _module_preset=&#8221;default&#8221; global_colors_info=&#8221;{}&#8221;][et_pb_text admin_label=&#8221;Digital Photo Price List&#8221; _builder_version=&#8221;4.23.1&#8243; _module_preset=&#8221;6ee7c241-9a37-42d9-bf81-494237480923&#8243; text_orientation=&#8221;center&#8221; global_colors_info=&#8221;{}&#8221;]<\/p>\n<h2>Digital Photo Price List<\/h2>\n<p>[\/et_pb_text][\/et_pb_column][\/et_pb_row][et_pb_row column_structure=&#8221;1_3,1_3,1_3&#8243; _builder_version=&#8221;4.22.0&#8243; _module_preset=&#8221;default&#8221; global_colors_info=&#8221;{}&#8221;][et_pb_column type=&#8221;1_3&#8243; _builder_version=&#8221;4.22.0&#8243; _module_preset=&#8221;default&#8221; global_colors_info=&#8221;{}&#8221;][et_pb_text admin_label=&#8221;10x15cm&#8221; _builder_version=&#8221;4.23.1&#8243; _module_preset=&#8221;default&#8221; text_orientation=&#8221;center&#8221; global_colors_info=&#8221;{}&#8221;]<\/p>\n<p><strong>On the spot 10 x 15 cm:<\/strong><\/p>\n<p>[\/et_pb_text][dvmd_table_maker tbl_column_header_count=&#8221;0&#8243; tbl_row_header_count=&#8221;0&#8243; _builder_version=&#8221;4.23.1&#8243; _module_preset=&#8221;default&#8221; global_colors_info=&#8221;{}&#8221;][dvmd_table_maker_item col_label=&#8221;pcs&#8221; col_content=&#8221;1\u2013100 pcs<br \/>\n101\u2013200 pcs<br \/>\n200\u2013500 pcs<br \/>\n500+ pcs&#8221; _builder_version=&#8221;4.23.1&#8243; _module_preset=&#8221;default&#8221; global_colors_info=&#8221;{}&#8221;][\/dvmd_table_maker_item][dvmd_table_maker_item col_label=&#8221;Price\/pc&#8221; col_content=&#8221;0.45 \u20ac\/pc<br \/>\n0.39 \u20ac\/pc<br \/>\n0.35 \u20ac\/pc<br \/>\n0.30 \u20ac\/pc&#8221; _builder_version=&#8221;4.23.1&#8243; _module_preset=&#8221;default&#8221; global_colors_info=&#8221;{}&#8221;][\/dvmd_table_maker_item][\/dvmd_table_maker][et_pb_text admin_label=&#8221;Handling fee 4 \u20ac per order&#8221; _builder_version=&#8221;4.23.1&#8243; _module_preset=&#8221;default&#8221; text_orientation=&#8221;center&#8221; global_colors_info=&#8221;{}&#8221;]<\/p>\n<p><em>Handling fee 4 \u20ac per order<\/em><\/p>\n<p>[\/et_pb_text][\/et_pb_column][et_pb_column type=&#8221;1_3&#8243; _builder_version=&#8221;4.22.0&#8243; _module_preset=&#8221;default&#8221; global_colors_info=&#8221;{}&#8221;][et_pb_text admin_label=&#8221;Enlargements&#8221; _builder_version=&#8221;4.23.1&#8243; _module_preset=&#8221;default&#8221; text_orientation=&#8221;center&#8221; global_colors_info=&#8221;{}&#8221;]<strong>Enlargements<\/strong>[\/et_pb_text][dvmd_table_maker tbl_column_header_count=&#8221;0&#8243; tbl_row_header_count=&#8221;0&#8243; _builder_version=&#8221;4.23.1&#8243; _module_preset=&#8221;default&#8221; global_colors_info=&#8221;{}&#8221;][dvmd_table_maker_item col_label=&#8221;Size&#8221; col_content=&#8221;18 x 24 cm<br \/>\n20 x 30 cm<br \/>\n30 x 40 cm<br \/>\n40 x 60 cm<br \/>\n50 x 70 cm&#8221; _builder_version=&#8221;4.23.1&#8243; _module_preset=&#8221;default&#8221; global_colors_info=&#8221;{}&#8221;][\/dvmd_table_maker_item][dvmd_table_maker_item col_label=&#8221;Price&#8221; col_content=&#8221;14.90 \u20ac\/pc<br \/>\n16.90 \u20ac\/pc<br \/>\n22.90 \u20ac\/pc<br \/>\n28.90 \u20ac\/pc<br \/>\n34.90 \u20ac\/pc&#8221; _builder_version=&#8221;4.23.1&#8243; _module_preset=&#8221;default&#8221; global_colors_info=&#8221;{}&#8221;][\/dvmd_table_maker_item][\/dvmd_table_maker][et_pb_text admin_label=&#8221;(Other sizes: ask for prices.)&#8221; _builder_version=&#8221;4.23.1&#8243; _module_preset=&#8221;default&#8221; text_orientation=&#8221;center&#8221; global_colors_info=&#8221;{}&#8221;]<\/p>\n<p><em>(Other sizes: ask for prices.)<\/em><\/p>\n<p>[\/et_pb_text][\/et_pb_column][et_pb_column type=&#8221;1_3&#8243; _builder_version=&#8221;4.22.0&#8243; _module_preset=&#8221;default&#8221; global_colors_info=&#8221;{}&#8221;][et_pb_text admin_label=&#8221;On the spot, other sizes:&#8221; _builder_version=&#8221;4.23.1&#8243; _module_preset=&#8221;default&#8221; text_orientation=&#8221;center&#8221; global_colors_info=&#8221;{}&#8221;]<\/p>\n<p><strong>On the spot, other sizes:<\/strong><\/p>\n<p>[\/et_pb_text][dvmd_table_maker tbl_column_header_count=&#8221;0&#8243; tbl_row_header_count=&#8221;0&#8243; _builder_version=&#8221;4.23.1&#8243; _module_preset=&#8221;default&#8221; global_colors_info=&#8221;{}&#8221;][dvmd_table_maker_item col_label=&#8221;Size&#8221; col_content=&#8221;13 x 18 cm<br \/>\n15 x 20 cm&#8221; _builder_version=&#8221;4.23.1&#8243; _module_preset=&#8221;default&#8221; global_colors_info=&#8221;{}&#8221;][\/dvmd_table_maker_item][dvmd_table_maker_item col_label=&#8221;Price&#8221; col_content=&#8221;3.90 \u20ac\/pc<br \/>\n4.90 \u20ac\/pc&#8221; _builder_version=&#8221;4.23.1&#8243; _module_preset=&#8221;default&#8221; global_colors_info=&#8221;{}&#8221;][\/dvmd_table_maker_item][\/dvmd_table_maker][et_pb_text admin_label=&#8221;Handling fee 4 \u20ac per order&#8221; _builder_version=&#8221;4.23.1&#8243; _module_preset=&#8221;default&#8221; text_orientation=&#8221;center&#8221; global_colors_info=&#8221;{}&#8221;]<\/p>\n<p><em>Handling fee 4 \u20ac per order<\/em><\/p>\n<p>[\/et_pb_text][\/et_pb_column][\/et_pb_row][\/et_pb_section]<\/p>\n","protected":false},"excerpt":{"rendered":"<p>Photo Products and Photos in JoensuuWe produce vibrant and durable prints from your digital camera, phone, and tablet photos.In our store, we print photos on the spot in sizes 10\u00d715, 13\u00d718, and 15\u00d720 cm while waiting. The delivery time for images of other sizes varies from a few hours to a few days. Now you [&hellip;]<\/p>\n","protected":false},"author":1,"featured_media":1026,"parent":1136,"menu_order":0,"comment_status":"closed","ping_status":"closed","template":"","meta":{"_acf_changed":false,"_et_pb_use_builder":"on","_et_pb_old_content":"","_et_gb_content_width":"","footnotes":""},"class_list":["post-1142","page","type-page","status-publish","has-post-thumbnail","hentry"],"acf":[],"yoast_head":"<!-- This site is optimized with the Yoast SEO plugin v27.1.1 - https:\/\/yoast.com\/product\/yoast-seo-wordpress\/ -->\n<title>Digital photos Joensuu - Making photos in Joensuu<\/title>\n<meta name=\"description\" content=\"At the photography shop Helios, which has served for decades, you take digital photos in Joensuu. Take photos on site in Joensuu or buy Image Products online.\" \/>\n<meta name=\"robots\" content=\"index, follow, max-snippet:-1, max-image-preview:large, max-video-preview:-1\" \/>\n<link rel=\"canonical\" href=\"https:\/\/heliosjoensuu.fi\/en\/photo-products-joensuu\/digital-photos-joensuu\/\" \/>\n<meta property=\"og:locale\" content=\"en_US\" \/>\n<meta property=\"og:type\" content=\"article\" \/>\n<meta property=\"og:title\" content=\"Digital photos Joensuu - Making photos in Joensuu\" \/>\n<meta property=\"og:description\" content=\"At the photography shop Helios, which has served for decades, you take digital photos in Joensuu. Take photos on site in Joensuu or buy Image Products online.\" \/>\n<meta property=\"og:url\" content=\"https:\/\/heliosjoensuu.fi\/en\/photo-products-joensuu\/digital-photos-joensuu\/\" \/>\n<meta property=\"og:site_name\" content=\"Helios Joensuu\" \/>\n<meta property=\"article:modified_time\" content=\"2024-04-29T08:06:40+00:00\" \/>\n<meta property=\"og:image\" content=\"https:\/\/heliosjoensuu.fi\/wp-content\/uploads\/2023\/11\/Helios-joensuu-digikuvat-joensuu.jpg\" \/>\n\t<meta property=\"og:image:width\" content=\"1920\" \/>\n\t<meta property=\"og:image:height\" content=\"1080\" \/>\n\t<meta property=\"og:image:type\" content=\"image\/jpeg\" \/>\n<meta name=\"twitter:card\" content=\"summary_large_image\" \/>\n<meta name=\"twitter:label1\" content=\"Est. reading time\" \/>\n\t<meta name=\"twitter:data1\" content=\"2 minutes\" \/>\n<script type=\"application\/ld+json\" class=\"yoast-schema-graph\">{\"@context\":\"https:\/\/schema.org\",\"@graph\":[{\"@type\":\"WebPage\",\"@id\":\"https:\/\/heliosjoensuu.fi\/en\/photo-products-joensuu\/digital-photos-joensuu\/\",\"url\":\"https:\/\/heliosjoensuu.fi\/en\/photo-products-joensuu\/digital-photos-joensuu\/\",\"name\":\"Digital photos Joensuu - Making photos in Joensuu\",\"isPartOf\":{\"@id\":\"https:\/\/heliosjoensuu.fi\/en\/#website\"},\"primaryImageOfPage\":{\"@id\":\"https:\/\/heliosjoensuu.fi\/en\/photo-products-joensuu\/digital-photos-joensuu\/#primaryimage\"},\"image\":{\"@id\":\"https:\/\/heliosjoensuu.fi\/en\/photo-products-joensuu\/digital-photos-joensuu\/#primaryimage\"},\"thumbnailUrl\":\"https:\/\/heliosjoensuu.fi\/wp-content\/uploads\/2023\/11\/Helios-joensuu-digikuvat-joensuu.jpg\",\"datePublished\":\"2023-11-01T09:50:22+00:00\",\"dateModified\":\"2024-04-29T08:06:40+00:00\",\"description\":\"At the photography shop Helios, which has served for decades, you take digital photos in Joensuu. Take photos on site in Joensuu or buy Image Products online.\",\"breadcrumb\":{\"@id\":\"https:\/\/heliosjoensuu.fi\/en\/photo-products-joensuu\/digital-photos-joensuu\/#breadcrumb\"},\"inLanguage\":\"en-US\",\"potentialAction\":[{\"@type\":\"ReadAction\",\"target\":[\"https:\/\/heliosjoensuu.fi\/en\/photo-products-joensuu\/digital-photos-joensuu\/\"]}]},{\"@type\":\"ImageObject\",\"inLanguage\":\"en-US\",\"@id\":\"https:\/\/heliosjoensuu.fi\/en\/photo-products-joensuu\/digital-photos-joensuu\/#primaryimage\",\"url\":\"https:\/\/heliosjoensuu.fi\/wp-content\/uploads\/2023\/11\/Helios-joensuu-digikuvat-joensuu.jpg\",\"contentUrl\":\"https:\/\/heliosjoensuu.fi\/wp-content\/uploads\/2023\/11\/Helios-joensuu-digikuvat-joensuu.jpg\",\"width\":1920,\"height\":1080},{\"@type\":\"BreadcrumbList\",\"@id\":\"https:\/\/heliosjoensuu.fi\/en\/photo-products-joensuu\/digital-photos-joensuu\/#breadcrumb\",\"itemListElement\":[{\"@type\":\"ListItem\",\"position\":1,\"name\":\"Home\",\"item\":\"https:\/\/heliosjoensuu.fi\/en\/\"},{\"@type\":\"ListItem\",\"position\":2,\"name\":\"Photo Products\",\"item\":\"https:\/\/heliosjoensuu.fi\/en\/photo-products-joensuu\/\"},{\"@type\":\"ListItem\",\"position\":3,\"name\":\"Digital photos\"}]},{\"@type\":\"WebSite\",\"@id\":\"https:\/\/heliosjoensuu.fi\/en\/#website\",\"url\":\"https:\/\/heliosjoensuu.fi\/en\/\",\"name\":\"Helios Joensuu\",\"description\":\"Palveleva valokuvausliike\",\"potentialAction\":[{\"@type\":\"SearchAction\",\"target\":{\"@type\":\"EntryPoint\",\"urlTemplate\":\"https:\/\/heliosjoensuu.fi\/en\/?s={search_term_string}\"},\"query-input\":{\"@type\":\"PropertyValueSpecification\",\"valueRequired\":true,\"valueName\":\"search_term_string\"}}],\"inLanguage\":\"en-US\"}]}<\/script>\n<!-- \/ Yoast SEO plugin. -->","yoast_head_json":{"title":"Digital photos Joensuu - Making photos in Joensuu","description":"At the photography shop Helios, which has served for decades, you take digital photos in Joensuu. Take photos on site in Joensuu or buy Image Products online.","robots":{"index":"index","follow":"follow","max-snippet":"max-snippet:-1","max-image-preview":"max-image-preview:large","max-video-preview":"max-video-preview:-1"},"canonical":"https:\/\/heliosjoensuu.fi\/en\/photo-products-joensuu\/digital-photos-joensuu\/","og_locale":"en_US","og_type":"article","og_title":"Digital photos Joensuu - Making photos in Joensuu","og_description":"At the photography shop Helios, which has served for decades, you take digital photos in Joensuu. Take photos on site in Joensuu or buy Image Products online.","og_url":"https:\/\/heliosjoensuu.fi\/en\/photo-products-joensuu\/digital-photos-joensuu\/","og_site_name":"Helios Joensuu","article_modified_time":"2024-04-29T08:06:40+00:00","og_image":[{"width":1920,"height":1080,"url":"https:\/\/heliosjoensuu.fi\/wp-content\/uploads\/2023\/11\/Helios-joensuu-digikuvat-joensuu.jpg","type":"image\/jpeg"}],"twitter_card":"summary_large_image","twitter_misc":{"Est. reading time":"2 minutes"},"schema":{"@context":"https:\/\/schema.org","@graph":[{"@type":"WebPage","@id":"https:\/\/heliosjoensuu.fi\/en\/photo-products-joensuu\/digital-photos-joensuu\/","url":"https:\/\/heliosjoensuu.fi\/en\/photo-products-joensuu\/digital-photos-joensuu\/","name":"Digital photos Joensuu - Making photos in Joensuu","isPartOf":{"@id":"https:\/\/heliosjoensuu.fi\/en\/#website"},"primaryImageOfPage":{"@id":"https:\/\/heliosjoensuu.fi\/en\/photo-products-joensuu\/digital-photos-joensuu\/#primaryimage"},"image":{"@id":"https:\/\/heliosjoensuu.fi\/en\/photo-products-joensuu\/digital-photos-joensuu\/#primaryimage"},"thumbnailUrl":"https:\/\/heliosjoensuu.fi\/wp-content\/uploads\/2023\/11\/Helios-joensuu-digikuvat-joensuu.jpg","datePublished":"2023-11-01T09:50:22+00:00","dateModified":"2024-04-29T08:06:40+00:00","description":"At the photography shop Helios, which has served for decades, you take digital photos in Joensuu. Take photos on site in Joensuu or buy Image Products online.","breadcrumb":{"@id":"https:\/\/heliosjoensuu.fi\/en\/photo-products-joensuu\/digital-photos-joensuu\/#breadcrumb"},"inLanguage":"en-US","potentialAction":[{"@type":"ReadAction","target":["https:\/\/heliosjoensuu.fi\/en\/photo-products-joensuu\/digital-photos-joensuu\/"]}]},{"@type":"ImageObject","inLanguage":"en-US","@id":"https:\/\/heliosjoensuu.fi\/en\/photo-products-joensuu\/digital-photos-joensuu\/#primaryimage","url":"https:\/\/heliosjoensuu.fi\/wp-content\/uploads\/2023\/11\/Helios-joensuu-digikuvat-joensuu.jpg","contentUrl":"https:\/\/heliosjoensuu.fi\/wp-content\/uploads\/2023\/11\/Helios-joensuu-digikuvat-joensuu.jpg","width":1920,"height":1080},{"@type":"BreadcrumbList","@id":"https:\/\/heliosjoensuu.fi\/en\/photo-products-joensuu\/digital-photos-joensuu\/#breadcrumb","itemListElement":[{"@type":"ListItem","position":1,"name":"Home","item":"https:\/\/heliosjoensuu.fi\/en\/"},{"@type":"ListItem","position":2,"name":"Photo Products","item":"https:\/\/heliosjoensuu.fi\/en\/photo-products-joensuu\/"},{"@type":"ListItem","position":3,"name":"Digital photos"}]},{"@type":"WebSite","@id":"https:\/\/heliosjoensuu.fi\/en\/#website","url":"https:\/\/heliosjoensuu.fi\/en\/","name":"Helios Joensuu","description":"Palveleva valokuvausliike","potentialAction":[{"@type":"SearchAction","target":{"@type":"EntryPoint","urlTemplate":"https:\/\/heliosjoensuu.fi\/en\/?s={search_term_string}"},"query-input":{"@type":"PropertyValueSpecification","valueRequired":true,"valueName":"search_term_string"}}],"inLanguage":"en-US"}]}},"_links":{"self":[{"href":"https:\/\/heliosjoensuu.fi\/en\/wp-json\/wp\/v2\/pages\/1142","targetHints":{"allow":["GET"]}}],"collection":[{"href":"https:\/\/heliosjoensuu.fi\/en\/wp-json\/wp\/v2\/pages"}],"about":[{"href":"https:\/\/heliosjoensuu.fi\/en\/wp-json\/wp\/v2\/types\/page"}],"author":[{"embeddable":true,"href":"https:\/\/heliosjoensuu.fi\/en\/wp-json\/wp\/v2\/users\/1"}],"replies":[{"embeddable":true,"href":"https:\/\/heliosjoensuu.fi\/en\/wp-json\/wp\/v2\/comments?post=1142"}],"version-history":[{"count":4,"href":"https:\/\/heliosjoensuu.fi\/en\/wp-json\/wp\/v2\/pages\/1142\/revisions"}],"predecessor-version":[{"id":1413,"href":"https:\/\/heliosjoensuu.fi\/en\/wp-json\/wp\/v2\/pages\/1142\/revisions\/1413"}],"up":[{"embeddable":true,"href":"https:\/\/heliosjoensuu.fi\/en\/wp-json\/wp\/v2\/pages\/1136"}],"wp:featuredmedia":[{"embeddable":true,"href":"https:\/\/heliosjoensuu.fi\/en\/wp-json\/wp\/v2\/media\/1026"}],"wp:attachment":[{"href":"https:\/\/heliosjoensuu.fi\/en\/wp-json\/wp\/v2\/media?parent=1142"}],"curies":[{"name":"wp","href":"https:\/\/api.w.org\/{rel}","templated":true}]}}