{"id":1192,"date":"2023-11-01T12:59:33","date_gmt":"2023-11-01T10:59:33","guid":{"rendered":"https:\/\/heliosjoensuu.fi\/yhteystiedot\/"},"modified":"2024-01-23T14:53:08","modified_gmt":"2024-01-23T12:53:08","slug":"contact-information","status":"publish","type":"page","link":"https:\/\/heliosjoensuu.fi\/en\/contact-information\/","title":{"rendered":"Contact info"},"content":{"rendered":"<p>[et_pb_section fb_built=&#8221;1&#8243; admin_label=&#8221;Header &#038; Contact Form&#8221; module_class=&#8221;content&#8211;section&#8221; _builder_version=&#8221;4.22.1&#8243; _module_preset=&#8221;default&#8221; collapsed=&#8221;off&#8221; global_colors_info=&#8221;{}&#8221;][et_pb_row module_class=&#8221;content&#8211;row&#8221; _builder_version=&#8221;4.22.1&#8243; _module_preset=&#8221;default&#8221; global_colors_info=&#8221;{}&#8221;][et_pb_column type=&#8221;4_4&#8243; _builder_version=&#8221;4.22.0&#8243; _module_preset=&#8221;default&#8221; global_colors_info=&#8221;{}&#8221;][et_pb_text admin_label=&#8221;contact us&#8221; _builder_version=&#8221;4.23.1&#8243; _module_preset=&#8221;c118e01a-e491-4ef8-bcd0-744e20324fd6&#8243; header_font=&#8221;|700|||||||&#8221; hover_enabled=&#8221;0&#8243; global_colors_info=&#8221;{}&#8221; sticky_enabled=&#8221;0&#8243;]<\/p>\n<h1>Contact us<\/h1>\n<p>[\/et_pb_text][\/et_pb_column][\/et_pb_row][et_pb_row column_structure=&#8221;1_2,1_2&#8243; module_class=&#8221;content&#8211;row larger&#8211;padding&#8211;bottom&#8221; _builder_version=&#8221;4.22.1&#8243; _module_preset=&#8221;default&#8221; locked=&#8221;off&#8221; global_colors_info=&#8221;{}&#8221;][et_pb_column type=&#8221;1_2&#8243; _builder_version=&#8221;4.22.0&#8243; _module_preset=&#8221;default&#8221; global_colors_info=&#8221;{}&#8221;][et_pb_contact_form email=&#8221;info@heliosjoensuu.fi&#8221; custom_message=&#8221;%%Nimi%%||et_pb_line_break_holder||%%Email%%||et_pb_line_break_holder||%%Viesti%%&#8221; success_message=&#8221;Thank you for your message, we will be in touch shortly.&#8221; submit_button_text=&#8221;Send&#8221; disabled_on=&#8221;off|off|off&#8221; _builder_version=&#8221;4.23.1&#8243; _module_preset=&#8221;default&#8221; _unique_id=&#8221;3b9ff40e-5f34-4f1e-8605-88cf2b55a7ef&#8221; form_field_background_color=&#8221;RGBA(255,255,255,0)&#8221; form_field_text_color=&#8221;#000000&#8243; form_field_custom_padding=&#8221;16px|24px|16px|24px|true|true&#8221; form_field_font=&#8221;Inter|700||on|||||&#8221; form_field_letter_spacing=&#8221;0.16em&#8221; custom_button=&#8221;on&#8221; button_text_size=&#8221;14px&#8221; button_text_color=&#8221;#000000&#8243; button_bg_color=&#8221;#FFFFFF&#8221; button_border_color=&#8221;#000000&#8243; button_border_radius=&#8221;2px&#8221; button_letter_spacing=&#8221;0.16em&#8221; button_font=&#8221;Inter|700||on|||||&#8221; button_custom_padding=&#8221;12px|24px|12px|24px|true|true&#8221; hover_enabled=&#8221;0&#8243; border_width_all=&#8221;2px&#8221; border_color_all=&#8221;#000000&#8243; box_shadow_style_button=&#8221;preset4&#8243; box_shadow_horizontal_button=&#8221;4px&#8221; box_shadow_vertical_button=&#8221;4px&#8221; box_shadow_color_button=&#8221;#000000&#8243; locked=&#8221;off&#8221; global_colors_info=&#8221;{}&#8221; sticky_enabled=&#8221;0&#8243;][et_pb_contact_field field_id=&#8221;Nimi&#8221; field_title=&#8221;Name&#8221; fullwidth_field=&#8221;on&#8221; _builder_version=&#8221;4.23.1&#8243; _module_preset=&#8221;default&#8221; hover_enabled=&#8221;0&#8243; global_colors_info=&#8221;{}&#8221; button_text_size__hover_enabled=&#8221;off&#8221; button_one_text_size__hover_enabled=&#8221;off&#8221; button_two_text_size__hover_enabled=&#8221;off&#8221; button_text_color__hover_enabled=&#8221;off&#8221; button_one_text_color__hover_enabled=&#8221;off&#8221; button_two_text_color__hover_enabled=&#8221;off&#8221; button_border_width__hover_enabled=&#8221;off&#8221; button_one_border_width__hover_enabled=&#8221;off&#8221; button_two_border_width__hover_enabled=&#8221;off&#8221; button_border_color__hover_enabled=&#8221;off&#8221; button_one_border_color__hover_enabled=&#8221;off&#8221; button_two_border_color__hover_enabled=&#8221;off&#8221; button_border_radius__hover_enabled=&#8221;off&#8221; button_one_border_radius__hover_enabled=&#8221;off&#8221; button_two_border_radius__hover_enabled=&#8221;off&#8221; button_letter_spacing__hover_enabled=&#8221;off&#8221; button_one_letter_spacing__hover_enabled=&#8221;off&#8221; button_two_letter_spacing__hover_enabled=&#8221;off&#8221; button_bg_color__hover_enabled=&#8221;off&#8221; button_one_bg_color__hover_enabled=&#8221;off&#8221; button_two_bg_color__hover_enabled=&#8221;off&#8221; sticky_enabled=&#8221;0&#8243;][\/et_pb_contact_field][et_pb_contact_field field_id=&#8221;Email&#8221; field_title=&#8221;Email&#8221; field_type=&#8221;email&#8221; fullwidth_field=&#8221;on&#8221; _builder_version=&#8221;4.23.1&#8243; _module_preset=&#8221;default&#8221; hover_enabled=&#8221;0&#8243; global_colors_info=&#8221;{}&#8221; button_text_size__hover_enabled=&#8221;off&#8221; button_one_text_size__hover_enabled=&#8221;off&#8221; button_two_text_size__hover_enabled=&#8221;off&#8221; button_text_color__hover_enabled=&#8221;off&#8221; button_one_text_color__hover_enabled=&#8221;off&#8221; button_two_text_color__hover_enabled=&#8221;off&#8221; button_border_width__hover_enabled=&#8221;off&#8221; button_one_border_width__hover_enabled=&#8221;off&#8221; button_two_border_width__hover_enabled=&#8221;off&#8221; button_border_color__hover_enabled=&#8221;off&#8221; button_one_border_color__hover_enabled=&#8221;off&#8221; button_two_border_color__hover_enabled=&#8221;off&#8221; button_border_radius__hover_enabled=&#8221;off&#8221; button_one_border_radius__hover_enabled=&#8221;off&#8221; button_two_border_radius__hover_enabled=&#8221;off&#8221; button_letter_spacing__hover_enabled=&#8221;off&#8221; button_one_letter_spacing__hover_enabled=&#8221;off&#8221; button_two_letter_spacing__hover_enabled=&#8221;off&#8221; button_bg_color__hover_enabled=&#8221;off&#8221; button_one_bg_color__hover_enabled=&#8221;off&#8221; button_two_bg_color__hover_enabled=&#8221;off&#8221; sticky_enabled=&#8221;0&#8243;][\/et_pb_contact_field][et_pb_contact_field field_id=&#8221;Viesti&#8221; field_title=&#8221;Message&#8221; field_type=&#8221;text&#8221; fullwidth_field=&#8221;on&#8221; _builder_version=&#8221;4.23.1&#8243; _module_preset=&#8221;default&#8221; hover_enabled=&#8221;0&#8243; global_colors_info=&#8221;{}&#8221; button_text_size__hover_enabled=&#8221;off&#8221; button_one_text_size__hover_enabled=&#8221;off&#8221; button_two_text_size__hover_enabled=&#8221;off&#8221; button_text_color__hover_enabled=&#8221;off&#8221; button_one_text_color__hover_enabled=&#8221;off&#8221; button_two_text_color__hover_enabled=&#8221;off&#8221; button_border_width__hover_enabled=&#8221;off&#8221; button_one_border_width__hover_enabled=&#8221;off&#8221; button_two_border_width__hover_enabled=&#8221;off&#8221; button_border_color__hover_enabled=&#8221;off&#8221; button_one_border_color__hover_enabled=&#8221;off&#8221; button_two_border_color__hover_enabled=&#8221;off&#8221; button_border_radius__hover_enabled=&#8221;off&#8221; button_one_border_radius__hover_enabled=&#8221;off&#8221; button_two_border_radius__hover_enabled=&#8221;off&#8221; button_letter_spacing__hover_enabled=&#8221;off&#8221; button_one_letter_spacing__hover_enabled=&#8221;off&#8221; button_two_letter_spacing__hover_enabled=&#8221;off&#8221; button_bg_color__hover_enabled=&#8221;off&#8221; button_one_bg_color__hover_enabled=&#8221;off&#8221; button_two_bg_color__hover_enabled=&#8221;off&#8221; sticky_enabled=&#8221;0&#8243;][\/et_pb_contact_field][\/et_pb_contact_form][\/et_pb_column][et_pb_column type=&#8221;1_2&#8243; _builder_version=&#8221;4.22.0&#8243; _module_preset=&#8221;default&#8221; global_colors_info=&#8221;{}&#8221;][et_pb_text admin_label=&#8221;Address&#8221; _builder_version=&#8221;4.23.1&#8243; _module_preset=&#8221;d4008eb8-0d8d-43aa-abbe-10b483c1c615&#8243; header_5_font=&#8221;|700|||||||&#8221; custom_margin=&#8221;||0px||false|false&#8221; hover_enabled=&#8221;0&#8243; global_colors_info=&#8221;{}&#8221; sticky_enabled=&#8221;0&#8243;]<\/p>\n<h5>Address<\/h5>\n<p>[\/et_pb_text][et_pb_text admin_label=&#8221;Koskikatu 5, 80100 Joensuu&#8221; _builder_version=&#8221;4.23.1&#8243; _module_preset=&#8221;e3314bd2-c53b-4ff2-8001-6cedbe7d2b9c&#8221; text_font=&#8221;||||||||&#8221; hover_enabled=&#8221;0&#8243; global_colors_info=&#8221;{}&#8221; sticky_enabled=&#8221;0&#8243;]<a href=\"https:\/\/maps.app.goo.gl\/vBovxVFwTjM1fXMm7\" target=\"_blank\" rel=\"noopener\">Koskikatu 5<br \/>\n80100 Joensuu<\/a>[\/et_pb_text][et_pb_text admin_label=&#8221;050 495 1250 &#8230;&#8221; _builder_version=&#8221;4.23.1&#8243; _module_preset=&#8221;d4008eb8-0d8d-43aa-abbe-10b483c1c615&#8243; custom_margin=&#8221;||0px||false|false&#8221; hover_enabled=&#8221;0&#8243; global_colors_info=&#8221;{}&#8221; sticky_enabled=&#8221;0&#8243;]<a href=\"tel:0504951250\">050 495 1250<\/a><br \/>\n<a href=\"mailto:info@heliosjoensuu.fi\">info(a)heliosjoensuu.fi<\/a><br \/>\n<a href=\"https:\/\/www.facebook.com\/heliosjoensuu\" target=\"_blank\" rel=\"noopener\">facebook.com\/heliosjoensuu<\/a>[\/et_pb_text][\/et_pb_column][\/et_pb_row][et_pb_row column_structure=&#8221;1_2,1_2&#8243; module_class=&#8221;content&#8211;row&#8221; _builder_version=&#8221;4.22.1&#8243; _module_preset=&#8221;default&#8221; locked=&#8221;off&#8221; global_colors_info=&#8221;{}&#8221;][et_pb_column type=&#8221;1_2&#8243; _builder_version=&#8221;4.22.0&#8243; _module_preset=&#8221;default&#8221; global_colors_info=&#8221;{}&#8221;][et_pb_image src=&#8221;\/wp-content\/uploads\/2023\/11\/Markku_Helios_web-2-1-237&#215;300-1.jpg&#8221; align=&#8221;center&#8221; _builder_version=&#8221;4.22.1&#8243; _module_preset=&#8221;default&#8221; max_width=&#8221;137px&#8221; global_colors_info=&#8221;{}&#8221;][\/et_pb_image][et_pb_text admin_label=&#8221;Markku Sepp\u00e4nen&#8221; _builder_version=&#8221;4.23.1&#8243; _module_preset=&#8221;e3314bd2-c53b-4ff2-8001-6cedbe7d2b9c&#8221; text_font=&#8221;||||||||&#8221; text_orientation=&#8221;center&#8221; hover_enabled=&#8221;0&#8243; text_font_size_last_edited=&#8221;off|desktop&#8221; global_colors_info=&#8221;{}&#8221; sticky_enabled=&#8221;0&#8243;]<strong>Markku Sepp\u00e4nen<\/strong><br \/>\nBusiness Owner<br \/>\nCustomer Service<br \/>\nPhotography<\/p>\n<p><a href=\"mailto:markku.seppanen@heliosjoensuu.fi\">markku.seppanen(a)heliosjoensuu.fi<\/a>[\/et_pb_text][\/et_pb_column][et_pb_column type=&#8221;1_2&#8243; _builder_version=&#8221;4.22.0&#8243; _module_preset=&#8221;default&#8221; global_colors_info=&#8221;{}&#8221;][et_pb_image src=&#8221;\/wp-content\/uploads\/2023\/11\/leila_kuva4-e1453199007311.jpg&#8221; align=&#8221;center&#8221; _builder_version=&#8221;4.22.1&#8243; _module_preset=&#8221;default&#8221; max_width=&#8221;137px&#8221; global_colors_info=&#8221;{}&#8221;][\/et_pb_image][et_pb_text admin_label=&#8221;Leila&#8221; _builder_version=&#8221;4.23.1&#8243; _module_preset=&#8221;e3314bd2-c53b-4ff2-8001-6cedbe7d2b9c&#8221; text_font=&#8221;||||||||&#8221; text_orientation=&#8221;center&#8221; hover_enabled=&#8221;0&#8243; text_font_size_last_edited=&#8221;off|desktop&#8221; global_colors_info=&#8221;{}&#8221; sticky_enabled=&#8221;0&#8243;]<strong>Leila<\/strong><br \/>\nCustomer Service<br \/>\nPhotography<br \/>\nImage Processing<\/p>\n<p><a href=\"mailto:leila.piironen@heliosjoensuu.fi\">leila.piironen(a)heliosjoensuu.fi<\/a>[\/et_pb_text][\/et_pb_column][\/et_pb_row][\/et_pb_section]<\/p>\n","protected":false},"excerpt":{"rendered":"<p>Contact usAddressKoskikatu 5 80100 Joensuu050 495 1250 info(a)heliosjoensuu.fi facebook.com\/heliosjoensuuMarkku Sepp\u00e4nen Business Owner Customer Service Photography markku.seppanen(a)heliosjoensuu.fiLeila Customer Service Photography Image Processing leila.piironen(a)heliosjoensuu.fi<\/p>\n","protected":false},"author":1,"featured_media":0,"parent":0,"menu_order":0,"comment_status":"closed","ping_status":"closed","template":"","meta":{"_acf_changed":false,"_et_pb_use_builder":"on","_et_pb_old_content":"","_et_gb_content_width":"","footnotes":""},"class_list":["post-1192","page","type-page","status-publish","hentry"],"acf":[],"yoast_head":"<!-- This site is optimized with the Yoast SEO plugin v27.1.1 - https:\/\/yoast.com\/product\/yoast-seo-wordpress\/ -->\n<title>Contact info - Helios Joensuu<\/title>\n<meta name=\"description\" content=\"Katso Joensuun keskustassa palvelevan valokuvausliike Helioksen yhteystiedot. Tule vierailemaan paikan p\u00e4\u00e4ll\u00e4 tai ota meihin suoraan yhteytt\u00e4.\" \/>\n<meta name=\"robots\" content=\"index, follow, max-snippet:-1, max-image-preview:large, max-video-preview:-1\" \/>\n<link rel=\"canonical\" href=\"https:\/\/heliosjoensuu.fi\/en\/contact-information\/\" \/>\n<meta property=\"og:locale\" content=\"en_US\" \/>\n<meta property=\"og:type\" content=\"article\" \/>\n<meta property=\"og:title\" content=\"Contact info - Helios Joensuu\" \/>\n<meta property=\"og:description\" content=\"Katso Joensuun keskustassa palvelevan valokuvausliike Helioksen yhteystiedot. Tule vierailemaan paikan p\u00e4\u00e4ll\u00e4 tai ota meihin suoraan yhteytt\u00e4.\" \/>\n<meta property=\"og:url\" content=\"https:\/\/heliosjoensuu.fi\/en\/contact-information\/\" \/>\n<meta property=\"og:site_name\" content=\"Helios Joensuu\" \/>\n<meta property=\"article:modified_time\" content=\"2024-01-23T12:53:08+00:00\" \/>\n<meta name=\"twitter:card\" content=\"summary_large_image\" \/>\n<meta name=\"twitter:label1\" content=\"Est. reading time\" \/>\n\t<meta name=\"twitter:data1\" content=\"1 minute\" \/>\n<script type=\"application\/ld+json\" class=\"yoast-schema-graph\">{\"@context\":\"https:\/\/schema.org\",\"@graph\":[{\"@type\":[\"WebPage\",\"QAPage\"],\"@id\":\"https:\/\/heliosjoensuu.fi\/en\/contact-information\/\",\"url\":\"https:\/\/heliosjoensuu.fi\/en\/contact-information\/\",\"name\":\"Contact info - Helios Joensuu\",\"isPartOf\":{\"@id\":\"https:\/\/heliosjoensuu.fi\/en\/#website\"},\"datePublished\":\"2023-11-01T10:59:33+00:00\",\"dateModified\":\"2024-01-23T12:53:08+00:00\",\"description\":\"Katso Joensuun keskustassa palvelevan valokuvausliike Helioksen yhteystiedot. Tule vierailemaan paikan p\u00e4\u00e4ll\u00e4 tai ota meihin suoraan yhteytt\u00e4.\",\"breadcrumb\":{\"@id\":\"https:\/\/heliosjoensuu.fi\/en\/contact-information\/#breadcrumb\"},\"inLanguage\":\"en-US\",\"potentialAction\":[{\"@type\":\"ReadAction\",\"target\":[\"https:\/\/heliosjoensuu.fi\/en\/contact-information\/\"]}]},{\"@type\":\"BreadcrumbList\",\"@id\":\"https:\/\/heliosjoensuu.fi\/en\/contact-information\/#breadcrumb\",\"itemListElement\":[{\"@type\":\"ListItem\",\"position\":1,\"name\":\"Home\",\"item\":\"https:\/\/heliosjoensuu.fi\/en\/\"},{\"@type\":\"ListItem\",\"position\":2,\"name\":\"Contact info\"}]},{\"@type\":\"WebSite\",\"@id\":\"https:\/\/heliosjoensuu.fi\/en\/#website\",\"url\":\"https:\/\/heliosjoensuu.fi\/en\/\",\"name\":\"Helios Joensuu\",\"description\":\"Palveleva valokuvausliike\",\"potentialAction\":[{\"@type\":\"SearchAction\",\"target\":{\"@type\":\"EntryPoint\",\"urlTemplate\":\"https:\/\/heliosjoensuu.fi\/en\/?s={search_term_string}\"},\"query-input\":{\"@type\":\"PropertyValueSpecification\",\"valueRequired\":true,\"valueName\":\"search_term_string\"}}],\"inLanguage\":\"en-US\"}]}<\/script>\n<!-- \/ Yoast SEO plugin. -->","yoast_head_json":{"title":"Contact info - Helios Joensuu","description":"Katso Joensuun keskustassa palvelevan valokuvausliike Helioksen yhteystiedot. Tule vierailemaan paikan p\u00e4\u00e4ll\u00e4 tai ota meihin suoraan yhteytt\u00e4.","robots":{"index":"index","follow":"follow","max-snippet":"max-snippet:-1","max-image-preview":"max-image-preview:large","max-video-preview":"max-video-preview:-1"},"canonical":"https:\/\/heliosjoensuu.fi\/en\/contact-information\/","og_locale":"en_US","og_type":"article","og_title":"Contact info - Helios Joensuu","og_description":"Katso Joensuun keskustassa palvelevan valokuvausliike Helioksen yhteystiedot. Tule vierailemaan paikan p\u00e4\u00e4ll\u00e4 tai ota meihin suoraan yhteytt\u00e4.","og_url":"https:\/\/heliosjoensuu.fi\/en\/contact-information\/","og_site_name":"Helios Joensuu","article_modified_time":"2024-01-23T12:53:08+00:00","twitter_card":"summary_large_image","twitter_misc":{"Est. reading time":"1 minute"},"schema":{"@context":"https:\/\/schema.org","@graph":[{"@type":["WebPage","QAPage"],"@id":"https:\/\/heliosjoensuu.fi\/en\/contact-information\/","url":"https:\/\/heliosjoensuu.fi\/en\/contact-information\/","name":"Contact info - Helios Joensuu","isPartOf":{"@id":"https:\/\/heliosjoensuu.fi\/en\/#website"},"datePublished":"2023-11-01T10:59:33+00:00","dateModified":"2024-01-23T12:53:08+00:00","description":"Katso Joensuun keskustassa palvelevan valokuvausliike Helioksen yhteystiedot. Tule vierailemaan paikan p\u00e4\u00e4ll\u00e4 tai ota meihin suoraan yhteytt\u00e4.","breadcrumb":{"@id":"https:\/\/heliosjoensuu.fi\/en\/contact-information\/#breadcrumb"},"inLanguage":"en-US","potentialAction":[{"@type":"ReadAction","target":["https:\/\/heliosjoensuu.fi\/en\/contact-information\/"]}]},{"@type":"BreadcrumbList","@id":"https:\/\/heliosjoensuu.fi\/en\/contact-information\/#breadcrumb","itemListElement":[{"@type":"ListItem","position":1,"name":"Home","item":"https:\/\/heliosjoensuu.fi\/en\/"},{"@type":"ListItem","position":2,"name":"Contact info"}]},{"@type":"WebSite","@id":"https:\/\/heliosjoensuu.fi\/en\/#website","url":"https:\/\/heliosjoensuu.fi\/en\/","name":"Helios Joensuu","description":"Palveleva valokuvausliike","potentialAction":[{"@type":"SearchAction","target":{"@type":"EntryPoint","urlTemplate":"https:\/\/heliosjoensuu.fi\/en\/?s={search_term_string}"},"query-input":{"@type":"PropertyValueSpecification","valueRequired":true,"valueName":"search_term_string"}}],"inLanguage":"en-US"}]}},"_links":{"self":[{"href":"https:\/\/heliosjoensuu.fi\/en\/wp-json\/wp\/v2\/pages\/1192","targetHints":{"allow":["GET"]}}],"collection":[{"href":"https:\/\/heliosjoensuu.fi\/en\/wp-json\/wp\/v2\/pages"}],"about":[{"href":"https:\/\/heliosjoensuu.fi\/en\/wp-json\/wp\/v2\/types\/page"}],"author":[{"embeddable":true,"href":"https:\/\/heliosjoensuu.fi\/en\/wp-json\/wp\/v2\/users\/1"}],"replies":[{"embeddable":true,"href":"https:\/\/heliosjoensuu.fi\/en\/wp-json\/wp\/v2\/comments?post=1192"}],"version-history":[{"count":2,"href":"https:\/\/heliosjoensuu.fi\/en\/wp-json\/wp\/v2\/pages\/1192\/revisions"}],"predecessor-version":[{"id":1195,"href":"https:\/\/heliosjoensuu.fi\/en\/wp-json\/wp\/v2\/pages\/1192\/revisions\/1195"}],"wp:attachment":[{"href":"https:\/\/heliosjoensuu.fi\/en\/wp-json\/wp\/v2\/media?parent=1192"}],"curies":[{"name":"wp","href":"https:\/\/api.w.org\/{rel}","templated":true}]}}